{"id":5098,"date":"2026-02-08T15:13:47","date_gmt":"2026-02-08T14:13:47","guid":{"rendered":"https:\/\/agencijamala.com\/?page_id=5098"},"modified":"2026-02-08T15:24:40","modified_gmt":"2026-02-08T14:24:40","slug":"pravila-o-kolacicima","status":"publish","type":"page","link":"https:\/\/agencijamala.com\/en\/pravila-o-kolacicima\/","title":{"rendered":"Pravila o kola\u010di\u0107ima"},"content":{"rendered":"<div data-elementor-type=\"wp-page\" data-elementor-id=\"5098\" class=\"elementor elementor-5098\">\n\t\t\t\t\t\t<section class=\"elementor-section elementor-top-section elementor-element elementor-element-32f299e1 elementor-section-boxed elementor-section-height-default elementor-section-height-default\" data-id=\"32f299e1\" data-element_type=\"section\" data-e-type=\"section\">\n\t\t\t\t\t\t<div class=\"elementor-container elementor-column-gap-default\">\n\t\t\t\t\t<div class=\"elementor-column elementor-col-100 elementor-top-column elementor-element elementor-element-4690494\" data-id=\"4690494\" data-element_type=\"column\" data-e-type=\"column\">\n\t\t\t<div class=\"elementor-widget-wrap elementor-element-populated\">\n\t\t\t\t\t\t<div class=\"elementor-element elementor-element-68142b0 elementor-widget elementor-widget-text-editor\" data-id=\"68142b0\" data-element_type=\"widget\" data-e-type=\"widget\" data-widget_type=\"text-editor.default\">\n\t\t\t\t<div class=\"elementor-widget-container\">\n\t\t\t\t\t\t\t\t\t\n<p>Ovo je Pravila o kola\u010di\u0107ima na web stranicama agencija-mala.com<\/p>\n<p><\/p>\n<p><\/p>\n<ol class=\"wp-block-list\">\n<li><strong>\u0160to su kola\u010di\u0107i?<\/strong><\/li>\n<\/ol>\n<p><\/p>\n<p>Kola\u010di\u0107i su male tekstualne datoteke koje se pohranjuju na va\u0161em ure\u0111aju kada posjetite na\u0161u web stranicu. Kola\u010di\u0107i omogu\u0107uju na\u0161oj web stranici da &#8220;pamti&#8221; va\u0161e radnje i postavke tijekom vremena, \u010dine\u0107i va\u0161e iskustvo na web stranici br\u017eim i ugodnijim.<\/p>\n<p><\/p>\n<ol class=\"wp-block-list\" start=\"2\">\n<li><strong>Vrste kola\u010di\u0107a koje koristimo<\/strong><\/li>\n<\/ol>\n<p><\/p>\n<p>Na na\u0161oj web stranici koristimo sljede\u0107e vrste kola\u010di\u0107a:<\/p>\n<p><\/p>\n<p>Kola\u010di\u0107i za nu\u017enu funkcionalnost: Ovi kola\u010di\u0107i omogu\u0107uju osnovne funkcije web stranice, kao \u0161to su navigacija i sigurnosne zna\u010dajke. Bez tih kola\u010di\u0107a web stranica ne bi mogla pravilno funkcionirati.<\/p>\n<p><\/p>\n<ol class=\"wp-block-list\" start=\"3\">\n<li><strong>Kako kontrolirati kola\u010di\u0107e<\/strong><\/li>\n<\/ol>\n<p><\/p>\n<p>Kada posjetite na\u0161u web stranicu, bit \u0107ete obavije\u0161teni o kori\u0161tenju kola\u010di\u0107a putem obavijesti o kola\u010di\u0107ima. Mo\u017eete upravljati postavkama kola\u010di\u0107a u svom pregledniku i odabrati \u017eelite li prihvatiti kola\u010di\u0107e ili ih onemogu\u0107iti. Imajte na umu da ako onemogu\u0107ite kola\u010di\u0107e, to mo\u017ee utjecati na funkcionalnost web stranice.<\/p>\n<p><span style=\"text-decoration: underline;\">Kola\u010di\u0107i tre\u0107ih strana:<\/span><br \/>-Googlle Maps<br \/>-WPForms<br \/>-Dru\u0161tvene mre\u017ee<br \/>-Wp optimize<\/p>\n<p>Promjene u pravilima o kola\u010di\u0107ima<\/p>\n<p><\/p>\n<p>Zadr\u017eavamo pravo izmjene ovih pravila o kola\u010di\u0107ima. Svaka promjena bit \u0107e objavljena na ovoj stranici, a datum zadnje izmjene bit \u0107e a\u017euriran.<\/p>\n<p><\/p>\n<ol class=\"wp-block-list\" start=\"6\">\n<li><strong>Contact Info<\/strong><\/li>\n<\/ol>\n<p><\/p>\n<p>Ako imate bilo kakvih pitanja u vezi s na\u0161im pravilima o kola\u010di\u0107ima, slobodno nas kontaktirajte na: <strong>01 4635 858.<\/strong><\/p>\n<p><\/p>\n\t\t\t\t\t\t\t\t<\/div>\n\t\t\t\t<\/div>\n\t\t\t\t\t<\/div>\n\t\t<\/div>\n\t\t\t\t\t<\/div>\n\t\t<\/section>\n\t\t\t\t<\/div>","protected":false},"excerpt":{"rendered":"","protected":false},"author":1,"featured_media":0,"parent":0,"menu_order":0,"comment_status":"closed","ping_status":"closed","template":"","meta":{"site-sidebar-layout":"default","site-content-layout":"","ast-site-content-layout":"default","site-content-style":"default","site-sidebar-style":"default","ast-global-header-display":"","ast-banner-title-visibility":"","ast-main-header-display":"","ast-hfb-above-header-display":"","ast-hfb-below-header-display":"","ast-hfb-mobile-header-display":"","site-post-title":"","ast-breadcrumbs-content":"","ast-featured-img":"","footer-sml-layout":"","ast-disable-related-posts":"","theme-transparent-header-meta":"","adv-header-id-meta":"","stick-header-meta":"","header-above-stick-meta":"","header-main-stick-meta":"","header-below-stick-meta":"","astra-migrate-meta-layouts":"set","ast-page-background-enabled":"default","ast-page-background-meta":{"desktop":{"background-color":"","background-image":"","background-repeat":"repeat","background-position":"center center","background-size":"auto","background-attachment":"scroll","background-type":"","background-media":"","overlay-type":"","overlay-color":"","overlay-opacity":"","overlay-gradient":""},"tablet":{"background-color":"","background-image":"","background-repeat":"repeat","background-position":"center center","background-size":"auto","background-attachment":"scroll","background-type":"","background-media":"","overlay-type":"","overlay-color":"","overlay-opacity":"","overlay-gradient":""},"mobile":{"background-color":"","background-image":"","background-repeat":"repeat","background-position":"center center","background-size":"auto","background-attachment":"scroll","background-type":"","background-media":"","overlay-type":"","overlay-color":"","overlay-opacity":"","overlay-gradient":""}},"ast-content-background-meta":{"desktop":{"background-color":"var(--ast-global-color-5)","background-image":"","background-repeat":"repeat","background-position":"center center","background-size":"auto","background-attachment":"scroll","background-type":"","background-media":"","overlay-type":"","overlay-color":"","overlay-opacity":"","overlay-gradient":""},"tablet":{"background-color":"var(--ast-global-color-5)","background-image":"","background-repeat":"repeat","background-position":"center center","background-size":"auto","background-attachment":"scroll","background-type":"","background-media":"","overlay-type":"","overlay-color":"","overlay-opacity":"","overlay-gradient":""},"mobile":{"background-color":"var(--ast-global-color-5)","background-image":"","background-repeat":"repeat","background-position":"center center","background-size":"auto","background-attachment":"scroll","background-type":"","background-media":"","overlay-type":"","overlay-color":"","overlay-opacity":"","overlay-gradient":""}},"slim_seo":{"title":"Pravila o kola\u010di\u0107ima - Agencija Mala","description":"Ovo je Pravila o kola\u010di\u0107ima na web stranicama agencija-mala.com Kola\u010di\u0107i su male tekstualne datoteke koje se pohranjuju na va\u0161em ure\u0111aju kada posjetite na\u0161u web"},"footnotes":""},"class_list":["post-5098","page","type-page","status-publish","hentry"],"_links":{"self":[{"href":"https:\/\/agencijamala.com\/en\/wp-json\/wp\/v2\/pages\/5098","targetHints":{"allow":["GET"]}}],"collection":[{"href":"https:\/\/agencijamala.com\/en\/wp-json\/wp\/v2\/pages"}],"about":[{"href":"https:\/\/agencijamala.com\/en\/wp-json\/wp\/v2\/types\/page"}],"author":[{"embeddable":true,"href":"https:\/\/agencijamala.com\/en\/wp-json\/wp\/v2\/users\/1"}],"replies":[{"embeddable":true,"href":"https:\/\/agencijamala.com\/en\/wp-json\/wp\/v2\/comments?post=5098"}],"version-history":[{"count":11,"href":"https:\/\/agencijamala.com\/en\/wp-json\/wp\/v2\/pages\/5098\/revisions"}],"predecessor-version":[{"id":5110,"href":"https:\/\/agencijamala.com\/en\/wp-json\/wp\/v2\/pages\/5098\/revisions\/5110"}],"wp:attachment":[{"href":"https:\/\/agencijamala.com\/en\/wp-json\/wp\/v2\/media?parent=5098"}],"curies":[{"name":"wp","href":"https:\/\/api.w.org\/{rel}","templated":true}]}}